{"id":798,"date":"2025-04-09T23:01:18","date_gmt":"2025-04-09T23:01:18","guid":{"rendered":"https:\/\/tucocina2.armedia.com.mx\/?page_id=798"},"modified":"2025-05-06T21:59:33","modified_gmt":"2025-05-06T21:59:33","slug":"cantera","status":"publish","type":"page","link":"https:\/\/tekhno-home.net\/tucocinaya\/natura-stone\/cantera\/","title":{"rendered":"Cantera"},"content":{"rendered":"\t\t<div data-elementor-type=\"wp-page\" data-elementor-id=\"798\" class=\"elementor elementor-798\" data-elementor-settings=\"{&quot;ha_cmc_init_switcher&quot;:&quot;no&quot;}\" data-elementor-post-type=\"page\">\n\t\t\t\t<div class=\"elementor-element elementor-element-93b4154 e-con-full e-flex e-con e-parent\" data-id=\"93b4154\" data-element_type=\"container\" data-settings=\"{&quot;_ha_eqh_enable&quot;:false}\">\n\t\t\t\t<div class=\"elementor-element elementor-element-f859489 ha-has-bg-overlay elementor-widget elementor-widget-spacer\" data-id=\"f859489\" data-element_type=\"widget\" data-widget_type=\"spacer.default\">\n\t\t\t\t<div class=\"elementor-widget-container\">\n\t\t\t\t\t\t\t<div class=\"elementor-spacer\">\n\t\t\t<div class=\"elementor-spacer-inner\"><\/div>\n\t\t<\/div>\n\t\t\t\t\t\t<\/div>\n\t\t\t\t<\/div>\n\t\t\t\t<\/div>\n\t\t<div class=\"elementor-element elementor-element-984851b e-flex e-con-boxed e-con e-parent\" data-id=\"984851b\" data-element_type=\"container\" data-settings=\"{&quot;_ha_eqh_enable&quot;:false}\">\n\t\t\t\t\t<div class=\"e-con-inner\">\n\t\t\t\t<div class=\"elementor-element elementor-element-4085695 elementor-widget elementor-widget-video\" data-id=\"4085695\" data-element_type=\"widget\" data-settings=\"{&quot;youtube_url&quot;:&quot;https:\\\/\\\/www.youtube.com\\\/watch?v=3G_nOead7lw&quot;,&quot;autoplay&quot;:&quot;yes&quot;,&quot;play_on_mobile&quot;:&quot;yes&quot;,&quot;mute&quot;:&quot;yes&quot;,&quot;loop&quot;:&quot;yes&quot;,&quot;video_type&quot;:&quot;youtube&quot;}\" data-widget_type=\"video.default\">\n\t\t\t\t<div class=\"elementor-widget-container\">\n\t\t\t\t\t\t\t<div class=\"elementor-wrapper elementor-open-inline\">\n\t\t\t<div class=\"elementor-video\"><\/div>\t\t<\/div>\n\t\t\t\t\t\t<\/div>\n\t\t\t\t<\/div>\n\t\t<div class=\"elementor-element elementor-element-6294056 e-grid e-con-boxed e-con e-child\" data-id=\"6294056\" data-element_type=\"container\" data-settings=\"{&quot;_ha_eqh_enable&quot;:false}\">\n\t\t\t\t\t<div class=\"e-con-inner\">\n\t\t\t\t<div class=\"elementor-element elementor-element-996f5d3 elementor-position-top elementor-widget elementor-widget-image-box\" data-id=\"996f5d3\" data-element_type=\"widget\" data-widget_type=\"image-box.default\">\n\t\t\t\t<div class=\"elementor-widget-container\">\n\t\t\t\t\t<div class=\"elementor-image-box-wrapper\"><figure class=\"elementor-image-box-img\"><img fetchpriority=\"high\" decoding=\"async\" width=\"285\" height=\"300\" src=\"https:\/\/tekhno-home.net\/tucocinaya\/wp-content\/uploads\/2025\/04\/img15-285x300.jpg\" class=\"attachment-medium size-medium wp-image-828\" alt=\"\" srcset=\"https:\/\/tekhno-home.net\/tucocinaya\/wp-content\/uploads\/2025\/04\/img15-285x300.jpg 285w, https:\/\/tekhno-home.net\/tucocinaya\/wp-content\/uploads\/2025\/04\/img15.jpg 408w\" sizes=\"(max-width: 285px) 100vw, 285px\" \/><\/figure><div class=\"elementor-image-box-content\"><h3 class=\"elementor-image-box-title\">M\u00c1RMOL<\/h3><p class=\"elementor-image-box-description\">Este material 100% natural, conocido por su durabilidad y belleza, se utiliza ampliamente para encimeras de ba\u00f1o, pisos, muros, escaleras y m\u00e1s.<\/p><\/div><\/div>\t\t\t\t<\/div>\n\t\t\t\t<\/div>\n\t\t\t\t<div class=\"elementor-element elementor-element-67e5e69 elementor-position-top elementor-widget elementor-widget-image-box\" data-id=\"67e5e69\" data-element_type=\"widget\" data-widget_type=\"image-box.default\">\n\t\t\t\t<div class=\"elementor-widget-container\">\n\t\t\t\t\t<div class=\"elementor-image-box-wrapper\"><figure class=\"elementor-image-box-img\"><img decoding=\"async\" width=\"300\" height=\"300\" src=\"https:\/\/tekhno-home.net\/tucocinaya\/wp-content\/uploads\/2025\/04\/img14-300x300.jpg\" class=\"attachment-medium size-medium wp-image-827\" alt=\"\" srcset=\"https:\/\/tekhno-home.net\/tucocinaya\/wp-content\/uploads\/2025\/04\/img14-300x300.jpg 300w, https:\/\/tekhno-home.net\/tucocinaya\/wp-content\/uploads\/2025\/04\/img14-150x150.jpg 150w, https:\/\/tekhno-home.net\/tucocinaya\/wp-content\/uploads\/2025\/04\/img14.jpg 539w\" sizes=\"(max-width: 300px) 100vw, 300px\" \/><\/figure><div class=\"elementor-image-box-content\"><h3 class=\"elementor-image-box-title\">GRANITO<\/h3><p class=\"elementor-image-box-description\">Con su amplia gama de colores y patrones naturales. Permite que encuentres la opci\u00f3n perfecta que complemente tu cocina.<\/p><\/div><\/div>\t\t\t\t<\/div>\n\t\t\t\t<\/div>\n\t\t\t\t\t<\/div>\n\t\t\t\t<\/div>\n\t\t\t\t\t<\/div>\n\t\t\t\t<\/div>\n\t\t<div class=\"elementor-element elementor-element-8cb7f37 e-flex e-con-boxed e-con e-parent\" data-id=\"8cb7f37\" data-element_type=\"container\" data-settings=\"{&quot;_ha_eqh_enable&quot;:false}\">\n\t\t\t\t\t<div class=\"e-con-inner\">\n\t\t\t\t<div class=\"elementor-element elementor-element-293bc22 ha-has-bg-overlay elementor-widget elementor-widget-heading\" data-id=\"293bc22\" data-element_type=\"widget\" data-widget_type=\"heading.default\">\n\t\t\t\t<div class=\"elementor-widget-container\">\n\t\t\t\t\t<h2 class=\"elementor-heading-title elementor-size-default\">\u00bfPOR QU\u00c9 ADQUIRIR CON NATURA STONE?<\/h2>\t\t\t\t<\/div>\n\t\t\t\t<\/div>\n\t\t<div class=\"elementor-element elementor-element-32f634e e-grid e-con-boxed e-con e-child\" data-id=\"32f634e\" data-element_type=\"container\" data-settings=\"{&quot;_ha_eqh_enable&quot;:false}\">\n\t\t\t\t\t<div class=\"e-con-inner\">\n\t\t\t\t<div class=\"elementor-element elementor-element-10a750e elementor-widget__width-inherit elementor-widget elementor-widget-ha-icon-box happy-addon ha-icon-box\" data-id=\"10a750e\" data-element_type=\"widget\" data-widget_type=\"ha-icon-box.default\">\n\t\t\t\t<div class=\"elementor-widget-container\">\n\t\t\t\n\t\t\n\t\t\t\t\t\t<span class=\"ha-icon-box-icon\">\n\t\t\t\t\t<svg xmlns=\"http:\/\/www.w3.org\/2000\/svg\" id=\"Capa_2\" data-name=\"Capa 2\" viewBox=\"0 0 60.84 60.78\"><g id=\"Capa_1-2\" data-name=\"Capa 1\"><g><path d=\"M27.67,60.78h-.98L0,34.09v-.98l16.18-15.91c1.08-.28,1.89,1.3,1.09,2.1l-14.33,14.31,24.25,24.25,26.69-26.69c.24-5.75,1.01-11.66.17-17.34l-6.02-5.76-2.46,3.72c6.61,2.8,4.33,12.89-2.7,12.76s-9.13-10.44-1.85-13.07c.68-.25,1.61.04,2.13-.47.83-.83,1.9-3.63,3.09-4.56l-16.11.33c-1.7.6-5.49,6-6.9,6.13-.65.06-1.16-.78-1.1-1.4.05-.48,6.26-6.81,6.76-6.95,5.16-.66,10.38-.33,15.57-.38.7,0,1.36-.36,1.95-.35.79,0,1.48.69,1.89.61.3-.06,3.13-2.44,3.95-2.89,4.59-2.51,10.13-2.47,8.21,4.31-.62,2.18-3.98,6.08-4.09,6.66-.08.44.55,1,.59,1.59.04.56-.33,1.25-.33,1.93-.06,5.37.39,10.82-.48,16.12l-28.48,28.65ZM58.19,2.59c-1.54-1.54-7.08,2.4-8.38,3.66l4.71,4.71c1.26-1.3,5.2-6.84,3.66-8.38ZM41.99,13.91c-4.58.51-4.17,7.56.2,8.11,2.19.28,4.59-.85,4.69-3.23-3.21,1.33-6.17-1.69-4.88-4.88ZM46.87,16.51c.4-.36-1.77-2.83-2.6-2.6v2.6s2.6,0,2.6,0Z\"><\/path><path d=\"M33.2,29.53l-4.73,4.55c3.19,5.37-.45,11.09-6.73,9.36-.52-.14-1.49-.82-1.72-.8-.25.02-1.97,2.29-2.95.91s.99-2.26,1.1-2.83c.08-.39-.76-2.36-.79-3.26-.05-1.63,1.21-5.71,3.24-4.94s-2.13,4.21-.59,6.13c.37,0,4.15-3.61,4.41-4.06.7-1.19-.6-2.14-.86-3.41-.9-4.45,3.27-7.18,7.43-6.45.74.13,1.64.81,2.09.85.63.06,2.28-2.4,3.21-.59.65,1.28-1.35,2.28-1.39,2.75-.02.27.76,1.28.87,1.98.17,1.01.06,2.34-.2,3.34-.44,1.68-3.08,4.73-3.7,1.54,1.09-1.68,2.25-2.91,1.31-5.06ZM31.25,27.26c-3.71-1.35-6.23,1.17-4.88,4.88.56.14.65-.23.98-.48.81-.63,2.79-2.61,3.42-3.42.25-.33.63-.42.48-.98ZM21.81,40.92c3.53,1.41,7.09-1.13,4.88-4.72l-4.88,4.72Z\"><\/path><path d=\"M19.43,13.96c2.13-.6,1.86,3.12-.23,2.07-.97-.49-.77-1.78.23-2.07Z\"><\/path><\/g><\/g><\/svg>\t\t\t\t<\/span>\n\t\t<h2 class=\"ha-icon-box-title\">Precios competitivos y acorde a tu presupuesto<\/h2>\t\t<\/div>\n\t\t\t\t<\/div>\n\t\t\t\t<div class=\"elementor-element elementor-element-b5e5ec2 elementor-widget__width-inherit elementor-widget elementor-widget-ha-icon-box happy-addon ha-icon-box\" data-id=\"b5e5ec2\" data-element_type=\"widget\" data-widget_type=\"ha-icon-box.default\">\n\t\t\t\t<div class=\"elementor-widget-container\">\n\t\t\t\n\t\t\n\t\t\t\t\t\t<span class=\"ha-icon-box-icon\">\n\t\t\t\t\t<svg xmlns=\"http:\/\/www.w3.org\/2000\/svg\" id=\"Capa_2\" data-name=\"Capa 2\" viewBox=\"0 0 60.89 58.34\"><g id=\"Capa_1-2\" data-name=\"Capa 1\"><g><path d=\"M60.89,21.84c-.31.61-1.88,1.63-2.44,1.63h-9.44l-.49.49v33.2c0,.2-1.3,1.36-1.77,1.16l-45.85-.32c-.14-.25-.88-1.09-.88-1.16v-9.11c0-.61,1.63-.61,1.63,0v8.14c0,.11.43.49.33.81h44.44l.49-.49v-8.63h-1.95v6.35c0,.06-.76.81-.81.81H4.41l-.49-.49V4.1l.49-.49h12.86v-1.95H1.97c.11.32-.33.71-.33.81v42.81l-.98.18-.66-1.3L.1,1.57.9.34,58.46.02c1.32-.13,1.65.51,2.43,1.32v10.74c-.55.39-1.34.54-1.58-.21-.77-2.43.7-7.5-.38-10.2h-27.67v1.95h25.23l.49.49v14.97l-.49.49h-8.46c-.77,0-3.09,2.32-3.09,3.09v10.58h1.95v-9.93c0-.68,1.4-1.66,2.14-1.77,1.69-.26,9.24.33,9.86-.06,1.01-1.6-.22-7,.52-8.11.36-.54,1.06-.28,1.48.01v8.46ZM5.55,49.51v3.26h21.81v-14.16c0-.21-.04-1.51-.07-1.58-.24-.63-1.55-.65-1.23-1.67.27-.87,3.1-.37,3.91-.49.51,1.5-.98,1.52-.98,1.63v16.28h2.28v-15.46c0-1.64,9.11-1.64,9.11,0v15.46h2.6v-24.41h-13.84l-.49-.49v-12.21c0-.11-1.76.03-1.48-1.31.47-1.04,4.21-.94,4.4.2.14.89-1.29,1.01-1.29,1.1v10.74h12.7c-.14-2.66.14-5.49,2.36-7.24.57-.45,2.74-1.54,3.34-1.54h6.67V5.56h-3.58c-.2,1.93.79,4.98-1.44,5.88-1.32.53-8.99.48-10.78.32-3.68-.34-3.11-3.33-3.08-6.2H5.55v2.28c6.33-1.26,6.26,11.2,0,10.09v2.28h5.7c2.12,0,3.4,3.37,2.4,5.33-.21.42-1.73,1.83-2.07,1.83h-6.02v2.6h14.97v-.96c2.23-.98,1.94,3.63,1.14,3.89-1.04.38-1.05-.97-1.14-.97H5.55v4.56h15.14c.42,0,1.35.93,1.46,1.47.18.92.09,10.07-.15,10.58-.11.23-1.16.97-1.3.97H5.55ZM5.55,38.44v9.11h2.28v-9.11h-2.28ZM5.55,9.47v6.84c3.63.29,2.72-3.87,2.3-6.29l-2.3-.54ZM5.88,22.17v3.58h4.72c.27,0,1.65-1.14,1.75-1.53.27-.51-.83-2.05-1.09-2.05h-5.37ZM9.46,38.44v9.11h11.07v-9.11h-11.07ZM18.9,1.66v1.95h10.74v-1.95h-10.74ZM32.89,50.81v1.95h5.86v-1.95h-5.86ZM32.89,38.12v10.74h5.86v-10.74h-5.86ZM38.43,5.56v4.23h11.23c.98-1.03.3-2.88.49-4.23h-11.72ZM44.94,35.19v10.42h1.95v-10.42h-1.95Z\"><\/path><path d=\"M21.06,10.24c2.68,2.69-1.27,7.52-4.46,4.62s1.61-7.46,4.46-4.62ZM17.68,11.51c-1.78,1.77,2.47,3.72,2.47,1.05,0-1.38-1.65-1.87-2.47-1.05Z\"><\/path><\/g><\/g><\/svg>\t\t\t\t<\/span>\n\t\t<h2 class=\"ha-icon-box-title\">Showroom en<br \/>M\u00e9rida, Yucat\u00e1n<\/h2>\t\t<\/div>\n\t\t\t\t<\/div>\n\t\t\t\t<div class=\"elementor-element elementor-element-a53cf20 elementor-widget__width-inherit elementor-widget elementor-widget-ha-icon-box happy-addon ha-icon-box\" data-id=\"a53cf20\" data-element_type=\"widget\" data-widget_type=\"ha-icon-box.default\">\n\t\t\t\t<div class=\"elementor-widget-container\">\n\t\t\t\n\t\t\n\t\t\t\t\t\t<span class=\"ha-icon-box-icon\">\n\t\t\t\t\t<svg xmlns=\"http:\/\/www.w3.org\/2000\/svg\" id=\"Capa_2\" data-name=\"Capa 2\" viewBox=\"0 0 51.12 64.87\"><g id=\"Capa_1-2\" data-name=\"Capa 1\"><g><path d=\"M44.72,5.49c-.72,5.78-1.81,11.64,3.34,15.72.55.43,1.81.71,2.09,1.17.23.37.76,3.71.81,4.4,1.16,14.82-4.38,27.62-17.58,34.86-1.55.85-6.96,3.52-8.4,3.2-1.84-.41-5.71-2.34-7.46-3.32C4.45,54.21-1,41.52.15,26.77c.05-.68.58-4.02.81-4.4.29-.46,1.54-.73,2.09-1.17,5.04-3.99,4.19-9.87,3.27-15.55,11.33-7.59,26.95-7.45,38.39-.17ZM43.1,6.13c-10.95-6.2-24.13-6.16-35.09,0,.04,2.24.71,4.38.61,6.65-.2,4.71-2.4,8.49-6.47,10.8-2.69,15.1,2.59,29.24,16.22,36.76,1.36.75,5.5,2.78,6.84,2.95s6.34-2.29,7.72-3.06c10.23-5.68,16.09-15.57,16.72-27.26.08-1.53-.2-8.59-.81-9.61-.13-.22-2.49-1.5-3.1-2.12-3.81-3.9-3.47-10.14-2.66-15.1Z\"><\/path><path d=\"M39.51,7.76c-.04,5.63-.31,10.66,3.63,15.11,1.33,1.5,2.86,1.92,3.18,3.99.58,3.75,0,9.48-.98,13.18-2.61,9.87-10.41,16.83-19.89,20.05-10.49-3.82-18.49-11.67-20.32-22.99-.38-2.38-.92-9.31-.1-11.31.38-.92,3.41-3.18,4.37-4.75,2.65-4.32,1.97-8.57,2.35-13.36,8.66-4.04,19.12-4.02,27.76.09ZM38.27,8.69c-8.31-3.45-17.12-3.43-25.42,0,1.04,5.14-.33,11.5-3.91,15.47-.64.71-2.3,1.53-2.54,2.35-.3,1.04-.43,3.98-.4,5.16.18,8.62,3.86,16.93,10.79,22.11,1.54,1.15,6.75,4.38,8.43,4.62,2.06.3,9.55-4.8,11.26-6.38,6.33-5.83,9.99-16.77,8.29-25.25-.21-1.02-1.79-1.74-2.59-2.63-3.58-4.01-4.96-10.25-3.92-15.46Z\"><\/path><path d=\"M32.31,11.01c1.08-.3,4.58,2.9,3.84,4.18l-15.31,15.01c-.5,0-5.99-5.45-6.04-6.06-.11-1.1,2.7-3.13,3.48-4.03l2.56,2.25,11.47-11.35ZM32.56,12.6l-11.26,11.24c-1.15.74-2.09-1.65-2.8-1.77l-2.07,1.77,4.39,4.39,13.38-13.35c.41-.79-1.22-1.65-1.65-2.27Z\"><\/path><path d=\"M15.87,32.06c.51.33,2.68.2,2.84.91-1.26,2.02-1.9,2.8-1.78,5.38-.64.97-2.12-.64-2.95-.64-.7,0-2.2,1.24-2.78.81-.69-.9-.08-2.19-.38-3.21-.23-.77-2.17-1.56-1.42-2.53.42-.54,2.17-.37,2.7-.72.58-.37.88-2.56,1.88-2.42.8.11,1.49,2.17,1.87,2.42ZM16.44,33.45c-1.37.18-1.87-.58-2.44-1.63-.58,1.06-1.07,1.81-2.44,1.63.37,1.15,1.38,1.66.98,3.26,1.12-.78,1.8-.78,2.93,0-.11-1.2-.06-2.05.98-2.77v-.48Z\"><\/path><path d=\"M37.86,29.95c.36.36.74,1.84,1.15,2.1.54.35,2.63.18,2.84.92.28,1-1.32,1.53-1.56,2.33-.26.88.42,3.38-.81,3.31-.69-.04-1.66-.9-2.35-.9-.72,0-1.75.92-2.58.93-.89-.22-.33-2.51-.58-3.34-.2-.68-1.58-1.33-1.56-2.34.16-.71,2.33-.58,2.84-.91s1.37-3.37,2.61-2.11ZM39.57,33.45c-1.77.4-1.74-1.08-2.28-1.63-.27-.27-.56.84-.94,1.17-.51.44-1.22.42-1.65.95,1.04.72,1.09,1.57.97,2.77,1.12-.78,1.8-.78,2.93,0-.11-1.2-.06-2.05.98-2.77v-.48Z\"><\/path><path d=\"M20.31,40.66c.75,2.91,2.3,2.07,4.28,3.39-1.63,2.01-2.11,2.67-1.63,5.37-1.17.32-2.41-.72-3.4-.65-.53.04-.94.48-1.4.58-2.63.57-.99-1.41-1.46-2.96-.27-.89-2.05-1.39-1.55-2.82.79-.17,2.07-.26,2.73-.7.9-.6.88-2.59,2.44-2.2ZM22.3,44.53c-1.34.17-1.89-.56-2.44-1.63-.75,1.13-1.36,1.66-2.77,1.79,1.05.92,1.6,1.33.98,2.77h3.09c.16-1.2.19-2.06,1.15-2.93Z\"><\/path><path d=\"M22.64,38.65c-.7-1.01.15-2.2-.06-3.01-.17-.68-1.77-1.62-1.57-2.65.22-.72,2.13-.66,2.78-1.15.59-.44,1-2.44,1.9-2.28.88.41,1.01,1.81,1.65,2.28s2.56.43,2.78,1.15c.19,1.04-1.39,1.96-1.57,2.65-.2.77,1.02,3.01-.52,3.02-.68,0-1.62-.94-2.57-.89s-1.8,1.02-2.81.87ZM27.84,33.45c-1.08.15-1.53-.2-1.95-1.15l-.49-.15c-.62.89-.86,1.52-2.12,1.3l.66,3.26c1.18-.69,2.08-.69,3.25,0l.66-3.26Z\"><\/path><path d=\"M35.97,43.56c.5,1.44-1.28,1.93-1.55,2.82s.33,2.66-.05,2.88c-1.11.66-2.06-.53-3.08-.49-.89.03-2.02.97-3.13.64-.27-.83.33-2.09.23-2.72-.15-.92-2.71-2.43-1.3-3.15,1.69-.85,2.97.03,3.71-2.88,1.56-.38,1.53,1.6,2.44,2.2.66.44,1.93.53,2.73.7ZM32.17,44.1c-.18-.15-.75-1.43-1.06-1.21-.12,1.13-1.28,1.63-2.29,1.63.88.93,1.18,1.59.98,2.93h3.26c-.62-1.39.23-1.9.98-2.93-.64-.02-1.33,0-1.86-.43Z\"><\/path><\/g><\/g><\/svg>\t\t\t\t<\/span>\n\t\t<h2 class=\"ha-icon-box-title\">Garant\u00eda 100% de<br \/>satisfacci\u00f3n al cliente<\/h2>\t\t<\/div>\n\t\t\t\t<\/div>\n\t\t\t\t<div class=\"elementor-element elementor-element-206d2ea elementor-widget__width-inherit elementor-widget elementor-widget-ha-icon-box happy-addon ha-icon-box\" data-id=\"206d2ea\" data-element_type=\"widget\" data-widget_type=\"ha-icon-box.default\">\n\t\t\t\t<div class=\"elementor-widget-container\">\n\t\t\t\n\t\t\n\t\t\t\t\t\t<span class=\"ha-icon-box-icon\">\n\t\t\t\t\t<svg xmlns=\"http:\/\/www.w3.org\/2000\/svg\" id=\"Capa_2\" data-name=\"Capa 2\" viewBox=\"0 0 64.8 59.24\"><g id=\"Capa_1-2\" data-name=\"Capa 1\"><g><path d=\"M64.8,21.77v8.14l-1.65.19-.26-.4c-.28-5.85,1.6-11.2-6.07-11.83-15.54-1.28-32.77.94-48.49,0-2.02-.22-6.03,1.87-6.03,4.07v35.33h3.91s.05-3.69.05-3.69l.76-.56c1.66,0,1.05,3.2,1.14,4.25h7.16v-17.58c-2.68-.19-6.58-.3-7.14,3.11-.22,1.33.44,8.75-.54,8.96l-1.43-.51v-8.79c0-1.56,2.68-4.18,4.22-4.57,1.73-.44,10.53-.34,12.15.24,1.17.42,2.37,1.48,2.97,2.57.14.26.85,1.97.85,2.08v14.49h18.88l-.15-4.57c-.45-.69-4.07-.78-5.13-1.06-4.94-1.27-7.66-6.9-6.68-11.73.55-2.7,6.13-.27,7.6-.23.8.02,1.2-.79,1.85-.62.59.15,3,2.47,3.43,3.11,3.58,5.25.45,9.4,1.03,15.09h15.62v-24.91c0-.66,1.47-1.04,1.95-.16v26.38l-1.77.67H1.8c-1.3-.07-1.36-.71-1.47-1.79-1.07-10.97.84-23.7.02-34.86.46-3.32,2.85-6.14,6.34-6.36h52.09c3.23.38,4.96,2.72,6.02,5.55ZM24.44,57.27v-14.49c0-.09-.8-1.4-.98-1.63-1.71-2.18-3.74-1.33-6.18-1.47v17.58h7.16ZM46.25,48.8c.31-1.61-1.53-6.41-2.94-7.02-.64-.28-1.14.21-1.71.11-2.03-.35-4.16-1.66-6.4-1.21-.78,3.41,1.26,7.64,4.61,8.87,1.52.56,3,.4,4.49.88.31-2.26-4.01-4.11-4.4-4.88-1.16-2.33,1.97-1.57,2.93-.32l3.42,3.57Z\"><\/path><path d=\"M9.71,22.18l45.46-.05c2.13.4,3.52,1.49,3.77,3.72s.33,6.45-2.04,7.4l-47.91.23c-3.26-.52-3.09-5.5-2.79-7.97.22-1.83,1.78-2.95,3.5-3.33ZM16.3,24.05h-6.67c-1.97,0-1.79,5.97-1.17,6.95.09.14,1.4.87,1.49.87h6.35v-7.82ZM26.39,24.05h-8.14v7.82h8.14v-7.82ZM36.81,24.05h-8.46v7.33l.49.49h7.16c.11,0,.49-.43.81-.33v-7.49ZM46.9,24.05h-8.14v7.33c.29.46.65.45,1.12.51,2.12.25,4.87-.09,7.01-.34v-7.49ZM55.52,24.05c-1.79-.38-4.73.28-6.67,0v7.33l.49.49h5.86c.09,0,1.4-.73,1.49-.87.4-.63.47-4.98.24-5.75-.12-.4-1.06-1.13-1.4-1.2Z\"><\/path><path d=\"M55.04,43.26c-1.11-.07-2.21.12-3.25.5-.84.3-2.87,2.08-3.56,1.11-1.25-1.75,4.24-3.39,5.38-3.52,2.51-.28,3.3-.27,3.4,2.4.12,3.25-1.95,7.21-5.28,8.09-1.3.34-4.42.72-3.2-1.25,1.07-.62,2.11-.39,3.28-.95,2.32-1.11,3.63-3.85,3.24-6.37Z\"><\/path><path d=\"M7.52,15.26l-1.3.18c-.38-.25-.57-.56-.65-1.01-.35-1.86-.22-8.97-.02-11.08C5.72,1.53,7.03-.07,8.99,0c1.81.07,10.5,7.64,10.89,7.12-.36-2.59.06-7.82,3.92-7.04,2.66.54,7.94,6.08,10.73,7.36V2.07c0-.08.87-1.18.99-1.29,1.16-.92,2.28-.87,3.56-.34,1.66.69,8.15,5.5,9.74,6.86.44.37,1.98,1.81,1.98,2.25v5.21c0,.06-.69.76-.86.79-.33.1-1.09-.7-1.09-.79v-4.88c0-.68-9.74-6.87-10.98-7.94-2.76-.42-.44,7.77-1.93,8.12-.42.1-1-.01-1.4-.2l-10.78-7.8c-.66-.43-1.93.31-1.93.98v7l-1.81-.3L9.15,2.04c-.4-.29-1.63.46-1.63.68v12.54Z\"><\/path><path d=\"M11.31,13.03l4.86.25.11,1.13c-.28.85-7.62,1.25-4.97-1.38Z\"><\/path><path d=\"M25.95,13.03l4.86.25.11,1.13c-.28.85-7.62,1.25-4.97-1.38Z\"><\/path><path d=\"M40.6,13.03l4.86.25.11,1.13c-.28.85-7.62,1.25-4.97-1.38Z\"><\/path><path d=\"M15.82,10.05c.54.15.7,1.01.16,1.46-.44.37-4.94.4-5.18.15l-.02-1.61h5.04Z\"><\/path><polygon points=\"30.46 10.05 30.95 11.68 25.42 11.68 25.42 10.05 30.46 10.05\"><\/polygon><path d=\"M45.6,10.05v1.63c-1.04-.29-5.12.69-5.51-.51-.19-.34.22-1.12.47-1.12h5.04Z\"><\/path><\/g><\/g><\/svg>\t\t\t\t<\/span>\n\t\t<h2 class=\"ha-icon-box-title\">Con maestros marmoleros y fabricantes directos<\/h2>\t\t<\/div>\n\t\t\t\t<\/div>\n\t\t\t\t<div class=\"elementor-element elementor-element-28e86fc elementor-widget__width-inherit elementor-widget elementor-widget-ha-icon-box happy-addon ha-icon-box\" data-id=\"28e86fc\" data-element_type=\"widget\" data-widget_type=\"ha-icon-box.default\">\n\t\t\t\t<div class=\"elementor-widget-container\">\n\t\t\t\n\t\t\n\t\t\t\t\t\t<span class=\"ha-icon-box-icon\">\n\t\t\t\t\t<svg xmlns=\"http:\/\/www.w3.org\/2000\/svg\" id=\"Capa_2\" data-name=\"Capa 2\" viewBox=\"0 0 60.56 64.4\"><g id=\"Capa_1-2\" data-name=\"Capa 1\"><g><path d=\"M30.93,0l1.67,3.86c5.18-.48,5.7,1.56,1.57,4.18l.62,4.12c-1.4,1.87-3.35-1.21-4.66-1.1-.94.08-1.9,1.67-3.29,1.66-2.5,0-.17-3.43-.47-4.68-.18-.74-3.19-1.24-2.63-3.59.2-.82,3.44-.43,4.2-.59l1.67-3.86h1.3ZM30.6,3.91c-1.04-.24-.7,1.35-1.62,1.79-.61.29-1.31.14-1.96.16,1.72,1.34,1.91,1.71,1.31,3.9,1.46-1.25,2.43-1.26,3.9,0-.6-2.19-.41-2.56,1.31-3.9-1.65.23-2.68-.22-2.94-1.96Z\"><\/path><path d=\"M38.1,47.86c.76.62,13.64-8.58,17.41-8.8,5.14-.3,6.82,5.19,2.88,8.1-6.66,3.36-13.16,8.93-19.75,12.17-2.74,1.35-3.82,1.34-6.74.76-4.7-.93-9.26-2.86-14.01-3.61l-1.62.85c-.14.19,2,2.46.48,4.55-.87,1.19-6.05,3.98-7.14,1.62-2.53-5.03-5.87-9.71-8.37-14.75-.39-.78-1.28-2.16-1.24-2.96.1-1.93,4.29-4.24,6.02-4.12,2.34.16,2.28,2.68,3.21,2.59,3.14-1.55,6.54-4.34,9.77-5.56,5.85-2.21,11.69,2.66,17.6,3.36,1.92,1.37,2.95,3.7,1.51,5.81ZM10.13,45.95c-.18.31.01.63.13.92,1.13,2.75,3.72,6.11,5.2,8.8.47-.44,1.17-.98,1.78-1.15,3.22-.87,13.54,4.37,18.42,3.76,1.01-.12,1.67-.6,2.53-1.05,5.13-2.65,12.49-7.37,17.33-10.67,1.54-1.05,4.25-2.52,2.44-4.74-1-1.23-2.69-.78-3.99-.39-5,1.52-12.34,8.68-17.35,8.7-1.23,0-9.66-1.96-10.44-2.58-.94-.75-.54-1.6.67-1.68,2.47-.16,8.01,3.49,9.57.8,1.74-2.99-3.32-3.37-5.09-3.95-2.07-.67-5.91-2.4-7.76-2.66-4.65-.65-9.3,4.22-13.45,5.87ZM5.45,43.68c-.54.08-3.54,1.85-3.46,2.34,1.41,1.77,8.85,16.54,9.84,16.46.37-.03,3.83-1.86,3.43-2.65l-8.91-15.87c-.24-.36-.52-.33-.9-.27Z\"><\/path><path d=\"M33.86,23.44c1.56.06,2.8,1.46,3.91,2.47l2.58-1.19c-4.82-9.88,11.29-10.1,6.88-.19,1.86,1.38,4.75,4.08,3.63,6.64s-8.44.98-10.83,1.38c.33,1.82-.8,3.67-2.58,4.1s-12.21.41-14.11.06-3.19-2.2-2.84-4.16c-2.31-.37-8.68.77-10.27-.64-2.53-2.25,1.09-6.08,3.07-7.38.18-.61-.87-2.01-.94-2.92-.28-3.95,5.31-6.12,7.8-2.89,2.28,2.95-.22,5.65.02,6l2.38,1.3c1.25-.95,2.44-2.52,4.12-2.58-4.34-4.38-.74-11.35,5.48-9.55,4.08,1.18,4.67,6.82,1.68,9.55ZM29.21,15.7c-3.26.75-3.38,6.66.91,6.8,5.38.17,4.53-8.04-.91-6.8ZM15.86,19.28c-1.63.48-1.85,3.73.08,4.34,4.32,1.36,4.27-5.62-.08-4.34ZM42.89,19.27c-2.67.8-1.68,5.43,1.74,4.35,2.61-.83,1.47-5.31-1.74-4.35ZM37.77,34.52c2.61-13.15-17.58-13.14-14.98,0h14.98ZM20.51,30.61l.82-2.61c-1.98-2.56-6.13-2.85-8.47-.64-.47.44-2.35,3.25-.98,3.25h8.63ZM40.05,30.61h8.63l.44-.75c-1.3-4.36-7.04-5.4-9.89-1.86l.82,2.61Z\"><\/path><path d=\"M50.7,9.02c-.37.45-2.35,1.48-2.45,1.91-.23.94,1.74,3.48.38,4.39-1.44.96-2.75-1.27-4.12-1.6-1.23.42-3.16,2.68-4.37,1.49-.99-.97.99-3.42.43-4.47-.37-.7-2.67-1.55-2.77-2.76-.17-2.06,3.31-1.34,4.51-1.51.25-1.03,1.01-4.08,2.43-3.81,1.41.39,1.38,3.22,2.16,3.7.66.4,6.25-.33,3.81,2.67ZM47.86,8.47c-2.28.29-2.76-.24-3.42-2.29-.47,2.19-1.34,2.35-3.42,2.45,1.67.86,2.41,1.99,1.31,3.74.85.05,1.23-.95,2.12-.95.83,0,1.21.85,1.95.96-.53-2.13-.12-2.65,1.47-3.91Z\"><\/path><path d=\"M18.27,6.47c1.27.21,4.33-.54,4.47,1.25.12,1.56-2.62,2.4-2.84,3.25s1.15,2.76.78,3.67c-1.04,2.57-3.74-1.09-4.83-.9s-2.38,2.61-3.91,1.59c-1.36-.91.6-3.44.38-4.39-.15-.61-3.78-2.21-2.73-3.78.96-1.18,3.16-.24,4.09-.8.78-.47.74-3.3,2.16-3.7,1.42-.27,2.19,2.79,2.43,3.81ZM19.53,8.47c-2.14.27-2.93-.22-3.42-2.29-.67,2.2-1.16,2.34-3.42,2.44,1.65.91,2.12,1.94,1.3,3.74.85.05,1.23-.95,2.12-.95.83,0,1.21.85,1.95.96.11-.66-.56-1.18-.35-1.97.28-1.03,1.34-1.23,1.82-1.94Z\"><\/path><path d=\"M5.11,45.95c1.35-.34,1.97,1.85.52,2.21-1.35.34-1.97-1.85-.52-2.21Z\"><\/path><\/g><\/g><\/svg>\t\t\t\t<\/span>\n\t\t<h2 class=\"ha-icon-box-title\">Atenci\u00f3n profesional<br \/>personalizada<\/h2>\t\t<\/div>\n\t\t\t\t<\/div>\n\t\t\t\t\t<\/div>\n\t\t\t\t<\/div>\n\t\t\t\t\t<\/div>\n\t\t\t\t<\/div>\n\t\t\t\t<\/div>\n\t\t","protected":false},"excerpt":{"rendered":"<p>M\u00c1RMOL Este material 100% natural, conocido por su durabilidad y belleza, se utiliza ampliamente para encimeras de ba\u00f1o, pisos, muros, escaleras y m\u00e1s. GRANITO Con su amplia gama de colores y patrones naturales. Permite que encuentres la opci\u00f3n perfecta que complemente tu cocina. \u00bfPOR QU\u00c9 ADQUIRIR CON NATURA STONE? Precios competitivos y acorde a tu [&hellip;]<\/p>\n","protected":false},"author":1,"featured_media":0,"parent":784,"menu_order":0,"comment_status":"closed","ping_status":"closed","template":"elementor_header_footer","meta":{"inline_featured_image":false,"footnotes":""},"class_list":["post-798","page","type-page","status-publish","hentry"],"_links":{"self":[{"href":"https:\/\/tekhno-home.net\/tucocinaya\/wp-json\/wp\/v2\/pages\/798","targetHints":{"allow":["GET"]}}],"collection":[{"href":"https:\/\/tekhno-home.net\/tucocinaya\/wp-json\/wp\/v2\/pages"}],"about":[{"href":"https:\/\/tekhno-home.net\/tucocinaya\/wp-json\/wp\/v2\/types\/page"}],"author":[{"embeddable":true,"href":"https:\/\/tekhno-home.net\/tucocinaya\/wp-json\/wp\/v2\/users\/1"}],"replies":[{"embeddable":true,"href":"https:\/\/tekhno-home.net\/tucocinaya\/wp-json\/wp\/v2\/comments?post=798"}],"version-history":[{"count":46,"href":"https:\/\/tekhno-home.net\/tucocinaya\/wp-json\/wp\/v2\/pages\/798\/revisions"}],"predecessor-version":[{"id":1480,"href":"https:\/\/tekhno-home.net\/tucocinaya\/wp-json\/wp\/v2\/pages\/798\/revisions\/1480"}],"up":[{"embeddable":true,"href":"https:\/\/tekhno-home.net\/tucocinaya\/wp-json\/wp\/v2\/pages\/784"}],"wp:attachment":[{"href":"https:\/\/tekhno-home.net\/tucocinaya\/wp-json\/wp\/v2\/media?parent=798"}],"curies":[{"name":"wp","href":"https:\/\/api.w.org\/{rel}","templated":true}]}}