{"id":48,"date":"2025-03-13T22:40:57","date_gmt":"2025-03-13T22:40:57","guid":{"rendered":"https:\/\/tucocina2.armedia.com.mx\/?page_id=48"},"modified":"2025-06-17T23:37:08","modified_gmt":"2025-06-17T23:37:08","slug":"inicio","status":"publish","type":"page","link":"https:\/\/tekhno-home.net\/tucocinaya\/","title":{"rendered":"Inicio"},"content":{"rendered":"\t\t<div data-elementor-type=\"wp-post\" data-elementor-id=\"48\" class=\"elementor elementor-48\" data-elementor-settings=\"{&quot;ha_cmc_init_switcher&quot;:&quot;no&quot;}\" data-elementor-post-type=\"page\">\n\t\t\t\t<div class=\"elementor-element elementor-element-a72d821 e-con-full e-flex e-con e-parent\" data-id=\"a72d821\" data-element_type=\"container\" data-settings=\"{&quot;_ha_eqh_enable&quot;:false}\">\n\t\t\t\t<div class=\"elementor-element elementor-element-272b421 elementor-widget elementor-widget-slider_revolution\" data-id=\"272b421\" data-element_type=\"widget\" data-widget_type=\"slider_revolution.default\">\n\t\t\t\t<div class=\"elementor-widget-container\">\n\t\t\t\t\t\n\t\t<div class=\"wp-block-themepunch-revslider\">\n\t\t\t<!-- START Slider 1 REVOLUTION SLIDER 6.6.16 --><p class=\"rs-p-wp-fix\"><\/p>\n\t\t\t<rs-module-wrap id=\"rev_slider_1_1_wrapper\" data-source=\"gallery\" style=\"visibility:hidden;background:#c7c7cc;padding:0;margin:0px auto;margin-top:0;margin-bottom:0;\">\n\t\t\t\t<rs-module id=\"rev_slider_1_1\" style=\"\" data-version=\"6.6.16\">\n\t\t\t\t\t<rs-slides style=\"overflow: hidden; position: absolute;\">\n\t\t\t\t\t\t<rs-slide style=\"position: absolute;\" data-key=\"rs-1\" data-title=\"Slide\" data-in=\"o:0;\" data-out=\"a:false;\">\n\t\t\t\t\t\t\t<img fetchpriority=\"high\" decoding=\"async\" src=\"\/\/tekhno-home.net\/tucocinaya\/wp-content\/plugins\/revslider\/public\/assets\/assets\/dummy.png\" alt=\"\" title=\"BANNERDISENAMOS-PRINCIPAL\" width=\"1920\" height=\"900\" class=\"rev-slidebg tp-rs-img rs-lazyload\" data-lazyload=\"\/\/tekhno-home.net\/tucocinaya\/wp-content\/uploads\/2025\/03\/BANNERDISENAMOS-PRINCIPAL.png\" data-bg=\"f:contain;\" data-no-retina>\n<!--\n\t\t\t\t\t\t\t--><a\n\t\t\t\t\t\t\t\tid=\"slider-1-slide-1-layer-0\" \n\t\t\t\t\t\t\t\tclass=\"rs-layer rev-btn\"\n\t\t\t\t\t\t\t\thref=\"https:\/\/api.whatsapp.com\/send?phone=528119078334\" target=\"_blank\" rel=\"noopener\"\n\t\t\t\t\t\t\t\tdata-type=\"button\"\n\t\t\t\t\t\t\t\tdata-color=\"#ffffff\"\n\t\t\t\t\t\t\t\tdata-bsh=\"v:10px;b:20px;\"\n\t\t\t\t\t\t\t\tdata-rsp_ch=\"on\"\n\t\t\t\t\t\t\t\tdata-xy=\"x:c;y:c;yo:230px;\"\n\t\t\t\t\t\t\t\tdata-text=\"w:normal;s:18;l:50;fw:500;\"\n\t\t\t\t\t\t\t\tdata-dim=\"minh:0px;\"\n\t\t\t\t\t\t\t\tdata-padding=\"r:40;l:40;\"\n\t\t\t\t\t\t\t\tdata-border=\"bor:25px,25px,25px,25px;\"\n\t\t\t\t\t\t\t\tdata-frame_1=\"e:default;st:610;sp:500;sR:610;\"\n\t\t\t\t\t\t\t\tdata-frame_999=\"o:0;st:w;sR:6890;\"\n\t\t\t\t\t\t\t\tdata-frame_hover=\"bgc:linear-gradient(rgba(255,149,0,1) 0%, rgba(255,94,58,1) 100%);bor:25px,25px,25px,25px;e:power1.inOut;bri:120%;\"\n\t\t\t\t\t\t\t\tstyle=\"z-index:5;background:linear-gradient(rgba(255,149,0,1) 0%, rgba(255,94,58,1) 100%);font-family:'Roboto';\"\n\t\t\t\t\t\t\t>COTIZA TU COCINA \n\t\t\t\t\t\t\t<\/a><!--\n-->\t\t\t\t\t\t<\/rs-slide>\n\t\t\t\t\t\t<rs-slide style=\"position: absolute;\" data-key=\"rs-4\" data-title=\"Slide\" data-in=\"o:0;\" data-out=\"a:false;\">\n\t\t\t\t\t\t\t<img decoding=\"async\" src=\"\/\/tekhno-home.net\/tucocinaya\/wp-content\/plugins\/revslider\/public\/assets\/assets\/dummy.png\" alt=\"Slide\" title=\"allinclusive-banner\" width=\"1920\" height=\"900\" class=\"rev-slidebg tp-rs-img rs-lazyload\" data-lazyload=\"\/\/tekhno-home.net\/tucocinaya\/wp-content\/plugins\/revslider\/public\/assets\/assets\/transparent.png\" data-bg=\"p:center bottom;c:#000000;f:contain;\" data-no-retina>\n<!--\n\t\t\t\t\t\t\t--><rs-layer\n\t\t\t\t\t\t\t\tid=\"slider-1-slide-4-layer-1\" \n\t\t\t\t\t\t\t\tdata-type=\"image\"\n\t\t\t\t\t\t\t\tdata-rsp_ch=\"on\"\n\t\t\t\t\t\t\t\tdata-xy=\"x:c;y:c;\"\n\t\t\t\t\t\t\t\tdata-text=\"w:normal;\"\n\t\t\t\t\t\t\t\tdata-dim=\"w:1493px;h:700px;\"\n\t\t\t\t\t\t\t\tdata-frame_1=\"st:660;sR:660;\"\n\t\t\t\t\t\t\t\tdata-frame_999=\"o:0;st:w;sR:8040;\"\n\t\t\t\t\t\t\t\tstyle=\"z-index:5;\"\n\t\t\t\t\t\t\t><img decoding=\"async\" src=\"\/\/tekhno-home.net\/tucocinaya\/wp-content\/plugins\/revslider\/public\/assets\/assets\/dummy.png\" alt=\"\" class=\"tp-rs-img rs-lazyload\" width=\"1920\" height=\"900\" data-lazyload=\"\/\/tekhno-home.net\/tucocinaya\/wp-content\/uploads\/2025\/05\/banner-principal-cocina.png\" data-no-retina> \n\t\t\t\t\t\t\t<\/rs-layer><!--\n-->\t\t\t\t\t\t<\/rs-slide>\n\t\t\t\t\t<\/rs-slides>\n\t\t\t\t<\/rs-module>\n\t\t\t\t<script>\n\t\t\t\t\tsetREVStartSize({c: 'rev_slider_1_1',rl:[1240,1024,778,480],el:[700],gw:[1250],gh:[700],type:'standard',justify:'',layout:'fullwidth',mh:\"0\"});if (window.RS_MODULES!==undefined && window.RS_MODULES.modules!==undefined && window.RS_MODULES.modules[\"revslider11\"]!==undefined) {window.RS_MODULES.modules[\"revslider11\"].once = false;window.revapi1 = undefined;if (window.RS_MODULES.checkMinimal!==undefined) window.RS_MODULES.checkMinimal()}\n\t\t\t\t<\/script>\n\t\t\t<\/rs-module-wrap>\n\t\t\t<!-- END REVOLUTION SLIDER -->\n<\/div>\n\n\t\t\t\t\t\t<\/div>\n\t\t\t\t<\/div>\n\t\t\t\t<\/div>\n\t\t<div class=\"elementor-element elementor-element-7c59b43 e-flex e-con-boxed e-con e-parent\" data-id=\"7c59b43\" data-element_type=\"container\" data-settings=\"{&quot;_ha_eqh_enable&quot;:false}\">\n\t\t\t\t\t<div class=\"e-con-inner\">\n\t\t\t\t<div class=\"elementor-element elementor-element-7c1310a elementor-widget elementor-widget-heading\" data-id=\"7c1310a\" data-element_type=\"widget\" data-widget_type=\"heading.default\">\n\t\t\t\t<div class=\"elementor-widget-container\">\n\t\t\t\t\t<h2 class=\"elementor-heading-title elementor-size-default\">\u00a1M\u00c1S DE <span style=\"color: #ff9900;\">20 A\u00d1OS<\/span> EN M\u00c9XICO!<\/h2>\t\t\t\t<\/div>\n\t\t\t\t<\/div>\n\t\t<div class=\"elementor-element elementor-element-603ef1f e-grid e-con-full e-con e-child\" data-id=\"603ef1f\" data-element_type=\"container\" data-settings=\"{&quot;_ha_eqh_enable&quot;:false}\">\n\t\t\t\t<div class=\"elementor-element elementor-element-a7a45ce elementor-widget elementor-widget-image\" data-id=\"a7a45ce\" data-element_type=\"widget\" data-widget_type=\"image.default\">\n\t\t\t\t<div class=\"elementor-widget-container\">\n\t\t\t\t\t\t\t\t\t\t\t\t\t\t\t\t<a href=\"https:\/\/tekhno-home.net\/tucocinaya\/showroom-suc-gonzalitos\/\">\n\t\t\t\t\t\t\t<img loading=\"lazy\" decoding=\"async\" width=\"741\" height=\"245\" src=\"https:\/\/tekhno-home.net\/tucocinaya\/wp-content\/uploads\/2025\/05\/showroom-gonzalitos.jpg\" class=\"attachment-full size-full wp-image-1205\" alt=\"\" srcset=\"https:\/\/tekhno-home.net\/tucocinaya\/wp-content\/uploads\/2025\/05\/showroom-gonzalitos.jpg 741w, https:\/\/tekhno-home.net\/tucocinaya\/wp-content\/uploads\/2025\/05\/showroom-gonzalitos-300x99.jpg 300w\" sizes=\"(max-width: 741px) 100vw, 741px\" \/>\t\t\t\t\t\t\t\t<\/a>\n\t\t\t\t\t\t\t\t\t\t\t\t\t\t\t<\/div>\n\t\t\t\t<\/div>\n\t\t\t\t<div class=\"elementor-element elementor-element-d433a30 elementor-widget elementor-widget-image\" data-id=\"d433a30\" data-element_type=\"widget\" data-widget_type=\"image.default\">\n\t\t\t\t<div class=\"elementor-widget-container\">\n\t\t\t\t\t\t\t\t\t\t\t\t\t\t\t\t<a href=\"https:\/\/tekhno-home.net\/tucocinaya\/showroom-suc-lincoln\/\">\n\t\t\t\t\t\t\t<img loading=\"lazy\" decoding=\"async\" width=\"741\" height=\"245\" src=\"https:\/\/tekhno-home.net\/tucocinaya\/wp-content\/uploads\/2025\/05\/showroom-lincoln.jpg\" class=\"attachment-full size-full wp-image-1206\" alt=\"\" srcset=\"https:\/\/tekhno-home.net\/tucocinaya\/wp-content\/uploads\/2025\/05\/showroom-lincoln.jpg 741w, https:\/\/tekhno-home.net\/tucocinaya\/wp-content\/uploads\/2025\/05\/showroom-lincoln-300x99.jpg 300w\" sizes=\"(max-width: 741px) 100vw, 741px\" \/>\t\t\t\t\t\t\t\t<\/a>\n\t\t\t\t\t\t\t\t\t\t\t\t\t\t\t<\/div>\n\t\t\t\t<\/div>\n\t\t\t\t<div class=\"elementor-element elementor-element-e03518f elementor-widget elementor-widget-image\" data-id=\"e03518f\" data-element_type=\"widget\" data-widget_type=\"image.default\">\n\t\t\t\t<div class=\"elementor-widget-container\">\n\t\t\t\t\t\t\t\t\t\t\t\t\t\t\t\t<a href=\"https:\/\/tekhno-home.net\/tucocinaya\/showroom-suc-merida\/\">\n\t\t\t\t\t\t\t<img loading=\"lazy\" decoding=\"async\" width=\"741\" height=\"245\" src=\"https:\/\/tekhno-home.net\/tucocinaya\/wp-content\/uploads\/2025\/05\/showroom-merida.jpg\" class=\"attachment-full size-full wp-image-1207\" alt=\"\" srcset=\"https:\/\/tekhno-home.net\/tucocinaya\/wp-content\/uploads\/2025\/05\/showroom-merida.jpg 741w, https:\/\/tekhno-home.net\/tucocinaya\/wp-content\/uploads\/2025\/05\/showroom-merida-300x99.jpg 300w\" sizes=\"(max-width: 741px) 100vw, 741px\" \/>\t\t\t\t\t\t\t\t<\/a>\n\t\t\t\t\t\t\t\t\t\t\t\t\t\t\t<\/div>\n\t\t\t\t<\/div>\n\t\t\t\t<div class=\"elementor-element elementor-element-a5ce598 elementor-widget elementor-widget-image\" data-id=\"a5ce598\" data-element_type=\"widget\" data-widget_type=\"image.default\">\n\t\t\t\t<div class=\"elementor-widget-container\">\n\t\t\t\t\t\t\t\t\t\t\t\t\t\t\t<img loading=\"lazy\" decoding=\"async\" width=\"741\" height=\"245\" src=\"https:\/\/tekhno-home.net\/tucocinaya\/wp-content\/uploads\/2025\/05\/showroom-queretaro.jpg\" class=\"attachment-full size-full wp-image-1208\" alt=\"\" srcset=\"https:\/\/tekhno-home.net\/tucocinaya\/wp-content\/uploads\/2025\/05\/showroom-queretaro.jpg 741w, https:\/\/tekhno-home.net\/tucocinaya\/wp-content\/uploads\/2025\/05\/showroom-queretaro-300x99.jpg 300w\" sizes=\"(max-width: 741px) 100vw, 741px\" \/>\t\t\t\t\t\t\t\t\t\t\t\t\t\t\t<\/div>\n\t\t\t\t<\/div>\n\t\t\t\t<\/div>\n\t\t\t\t\t<\/div>\n\t\t\t\t<\/div>\n\t\t<div class=\"elementor-element elementor-element-bf5f53f e-flex e-con-boxed e-con e-parent\" data-id=\"bf5f53f\" data-element_type=\"container\" data-settings=\"{&quot;_ha_eqh_enable&quot;:false}\">\n\t\t\t\t\t<div class=\"e-con-inner\">\n\t\t\t\t<div class=\"elementor-element elementor-element-b071e12 elementor-widget elementor-widget-heading\" data-id=\"b071e12\" data-element_type=\"widget\" data-widget_type=\"heading.default\">\n\t\t\t\t<div class=\"elementor-widget-container\">\n\t\t\t\t\t<h2 class=\"elementor-heading-title elementor-size-default\">NUESTRAS \u2022 COCINAS<\/h2>\t\t\t\t<\/div>\n\t\t\t\t<\/div>\n\t\t\t\t<div class=\"elementor-element elementor-element-c721214 elementor-widget elementor-widget-text-editor\" data-id=\"c721214\" data-element_type=\"widget\" data-widget_type=\"text-editor.default\">\n\t\t\t\t<div class=\"elementor-widget-container\">\n\t\t\t\t\t\t\t\t\t<div class=\"page\" title=\"Page 3\"><div class=\"section\"><div class=\"layoutArea\"><div class=\"column\"><p style=\"text-align: center;\"><strong>FOMENTAMOS PRA\u0301CTICAS DE FABRICACIO\u0301N RESPONSABLES. TU PROYECTO NO SOLO SERA\u0301 UN ESPACIO EXCEPCIONAL, SINO TAMBIE\u0301N UNA ELECCIO\u0301N CONSCIENTE Y SOSTENIBLE.<\/strong><\/p><\/div><\/div><\/div><\/div>\t\t\t\t\t\t\t\t<\/div>\n\t\t\t\t<\/div>\n\t\t\t\t\t<\/div>\n\t\t\t\t<\/div>\n\t\t<div class=\"elementor-element elementor-element-75a0073 e-flex e-con-boxed e-con e-parent\" data-id=\"75a0073\" data-element_type=\"container\" data-settings=\"{&quot;_ha_eqh_enable&quot;:false}\">\n\t\t\t\t\t<div class=\"e-con-inner\">\n\t\t\t\t<div class=\"elementor-element elementor-element-486dcd8 stratum-masonry-gallery-effect-no elementor-widget elementor-widget-stratum-masonry-gallery\" data-id=\"486dcd8\" data-element_type=\"widget\" data-widget_type=\"stratum-masonry-gallery.default\">\n\t\t\t\t<div class=\"elementor-widget-container\">\n\t\t\t\t\t<div class=\"stratum-masonry-gallery animate_on_scroll masonry-grid effect-2\" data-options=\"{&quot;columns&quot;:4,&quot;gutter&quot;:2,&quot;animate&quot;:true}\">\n\n\t<div class=\"grid-sizer masonry-col-4\"><\/div>\n\t\t\t<div class=\"stratum-masonry-gallery__item masonry-item\">\n\t\t\t\t\t\t\t<a data-elementor-open-lightbox=\"default\" data-elementor-lightbox-slideshow=\"gallery-69dfced2ee8ca\" href=\"http:\/\/tekhno-home.net\/tucocinaya\/wp-content\/uploads\/2025\/06\/COCINA100.jpg\" class=\"stratum-masonry-gallery__link\">\n\t\t\t                <div class=\"stratum-masonry-gallery__image\">\n                \t<figure>\n                   \t\t<img loading=\"lazy\" decoding=\"async\" width=\"819\" height=\"1024\" class=\"wp-image-1879\" alt=\"\" src=\"https:\/\/tekhno-home.net\/tucocinaya\/wp-content\/uploads\/2025\/06\/COCINA100-819x1024.jpg\" srcset=\"https:\/\/tekhno-home.net\/tucocinaya\/wp-content\/uploads\/2025\/06\/COCINA100-819x1024.jpg 819w, https:\/\/tekhno-home.net\/tucocinaya\/wp-content\/uploads\/2025\/06\/COCINA100-240x300.jpg 240w, https:\/\/tekhno-home.net\/tucocinaya\/wp-content\/uploads\/2025\/06\/COCINA100-768x960.jpg 768w, https:\/\/tekhno-home.net\/tucocinaya\/wp-content\/uploads\/2025\/06\/COCINA100.jpg 1080w\">                \t<\/figure>\n                <\/div>\n                <div class=\"stratum-masonry-gallery__overlay\"><\/div>\n            <\/a>\n        <\/div>\n\t\t\t<div class=\"stratum-masonry-gallery__item masonry-item\">\n\t\t\t\t\t\t\t<a data-elementor-open-lightbox=\"default\" data-elementor-lightbox-slideshow=\"gallery-69dfced2ee8ca\" href=\"http:\/\/tekhno-home.net\/tucocinaya\/wp-content\/uploads\/2025\/06\/COCINA101.jpg\" class=\"stratum-masonry-gallery__link\">\n\t\t\t                <div class=\"stratum-masonry-gallery__image\">\n                \t<figure>\n                   \t\t<img loading=\"lazy\" decoding=\"async\" width=\"819\" height=\"1024\" class=\"wp-image-1880\" alt=\"\" src=\"https:\/\/tekhno-home.net\/tucocinaya\/wp-content\/uploads\/2025\/06\/COCINA101-819x1024.jpg\" srcset=\"https:\/\/tekhno-home.net\/tucocinaya\/wp-content\/uploads\/2025\/06\/COCINA101-819x1024.jpg 819w, https:\/\/tekhno-home.net\/tucocinaya\/wp-content\/uploads\/2025\/06\/COCINA101-240x300.jpg 240w, https:\/\/tekhno-home.net\/tucocinaya\/wp-content\/uploads\/2025\/06\/COCINA101-768x960.jpg 768w, https:\/\/tekhno-home.net\/tucocinaya\/wp-content\/uploads\/2025\/06\/COCINA101.jpg 1080w\">                \t<\/figure>\n                <\/div>\n                <div class=\"stratum-masonry-gallery__overlay\"><\/div>\n            <\/a>\n        <\/div>\n\t\t\t<div class=\"stratum-masonry-gallery__item masonry-item\">\n\t\t\t\t\t\t\t<a data-elementor-open-lightbox=\"default\" data-elementor-lightbox-slideshow=\"gallery-69dfced2ee8ca\" href=\"http:\/\/tekhno-home.net\/tucocinaya\/wp-content\/uploads\/2025\/06\/COCINA103.jpg\" class=\"stratum-masonry-gallery__link\">\n\t\t\t                <div class=\"stratum-masonry-gallery__image\">\n                \t<figure>\n                   \t\t<img loading=\"lazy\" decoding=\"async\" width=\"819\" height=\"1024\" class=\"wp-image-1881\" alt=\"\" src=\"https:\/\/tekhno-home.net\/tucocinaya\/wp-content\/uploads\/2025\/06\/COCINA103-819x1024.jpg\" srcset=\"https:\/\/tekhno-home.net\/tucocinaya\/wp-content\/uploads\/2025\/06\/COCINA103-819x1024.jpg 819w, https:\/\/tekhno-home.net\/tucocinaya\/wp-content\/uploads\/2025\/06\/COCINA103-240x300.jpg 240w, https:\/\/tekhno-home.net\/tucocinaya\/wp-content\/uploads\/2025\/06\/COCINA103-768x960.jpg 768w, https:\/\/tekhno-home.net\/tucocinaya\/wp-content\/uploads\/2025\/06\/COCINA103.jpg 1080w\">                \t<\/figure>\n                <\/div>\n                <div class=\"stratum-masonry-gallery__overlay\"><\/div>\n            <\/a>\n        <\/div>\n\t\t\t<div class=\"stratum-masonry-gallery__item masonry-item\">\n\t\t\t\t\t\t\t<a data-elementor-open-lightbox=\"default\" data-elementor-lightbox-slideshow=\"gallery-69dfced2ee8ca\" href=\"http:\/\/tekhno-home.net\/tucocinaya\/wp-content\/uploads\/2025\/06\/COCINA107.jpg\" class=\"stratum-masonry-gallery__link\">\n\t\t\t                <div class=\"stratum-masonry-gallery__image\">\n                \t<figure>\n                   \t\t<img loading=\"lazy\" decoding=\"async\" width=\"819\" height=\"1024\" class=\"wp-image-1882\" alt=\"\" src=\"https:\/\/tekhno-home.net\/tucocinaya\/wp-content\/uploads\/2025\/06\/COCINA107-819x1024.jpg\" srcset=\"https:\/\/tekhno-home.net\/tucocinaya\/wp-content\/uploads\/2025\/06\/COCINA107-819x1024.jpg 819w, https:\/\/tekhno-home.net\/tucocinaya\/wp-content\/uploads\/2025\/06\/COCINA107-240x300.jpg 240w, https:\/\/tekhno-home.net\/tucocinaya\/wp-content\/uploads\/2025\/06\/COCINA107-768x960.jpg 768w, https:\/\/tekhno-home.net\/tucocinaya\/wp-content\/uploads\/2025\/06\/COCINA107.jpg 1080w\">                \t<\/figure>\n                <\/div>\n                <div class=\"stratum-masonry-gallery__overlay\"><\/div>\n            <\/a>\n        <\/div>\n\t\t\t<div class=\"stratum-masonry-gallery__item masonry-item\">\n\t\t\t\t\t\t\t<a data-elementor-open-lightbox=\"default\" data-elementor-lightbox-slideshow=\"gallery-69dfced2ee8ca\" href=\"http:\/\/tekhno-home.net\/tucocinaya\/wp-content\/uploads\/2025\/06\/COCINA108.jpg\" class=\"stratum-masonry-gallery__link\">\n\t\t\t                <div class=\"stratum-masonry-gallery__image\">\n                \t<figure>\n                   \t\t<img loading=\"lazy\" decoding=\"async\" width=\"819\" height=\"1024\" class=\"wp-image-1883\" alt=\"\" src=\"https:\/\/tekhno-home.net\/tucocinaya\/wp-content\/uploads\/2025\/06\/COCINA108-819x1024.jpg\" srcset=\"https:\/\/tekhno-home.net\/tucocinaya\/wp-content\/uploads\/2025\/06\/COCINA108-819x1024.jpg 819w, https:\/\/tekhno-home.net\/tucocinaya\/wp-content\/uploads\/2025\/06\/COCINA108-240x300.jpg 240w, https:\/\/tekhno-home.net\/tucocinaya\/wp-content\/uploads\/2025\/06\/COCINA108-768x960.jpg 768w, https:\/\/tekhno-home.net\/tucocinaya\/wp-content\/uploads\/2025\/06\/COCINA108.jpg 1080w\">                \t<\/figure>\n                <\/div>\n                <div class=\"stratum-masonry-gallery__overlay\"><\/div>\n            <\/a>\n        <\/div>\n\t\t\t<div class=\"stratum-masonry-gallery__item masonry-item\">\n\t\t\t\t\t\t\t<a data-elementor-open-lightbox=\"default\" data-elementor-lightbox-slideshow=\"gallery-69dfced2ee8ca\" href=\"http:\/\/tekhno-home.net\/tucocinaya\/wp-content\/uploads\/2025\/06\/COCINA109.jpg\" class=\"stratum-masonry-gallery__link\">\n\t\t\t                <div class=\"stratum-masonry-gallery__image\">\n                \t<figure>\n                   \t\t<img loading=\"lazy\" decoding=\"async\" width=\"819\" height=\"1024\" class=\"wp-image-1884\" alt=\"\" src=\"https:\/\/tekhno-home.net\/tucocinaya\/wp-content\/uploads\/2025\/06\/COCINA109-819x1024.jpg\" srcset=\"https:\/\/tekhno-home.net\/tucocinaya\/wp-content\/uploads\/2025\/06\/COCINA109-819x1024.jpg 819w, https:\/\/tekhno-home.net\/tucocinaya\/wp-content\/uploads\/2025\/06\/COCINA109-240x300.jpg 240w, https:\/\/tekhno-home.net\/tucocinaya\/wp-content\/uploads\/2025\/06\/COCINA109-768x960.jpg 768w, https:\/\/tekhno-home.net\/tucocinaya\/wp-content\/uploads\/2025\/06\/COCINA109.jpg 1080w\">                \t<\/figure>\n                <\/div>\n                <div class=\"stratum-masonry-gallery__overlay\"><\/div>\n            <\/a>\n        <\/div>\n\t\t\t<div class=\"stratum-masonry-gallery__item masonry-item\">\n\t\t\t\t\t\t\t<a data-elementor-open-lightbox=\"default\" data-elementor-lightbox-slideshow=\"gallery-69dfced2ee8ca\" href=\"http:\/\/tekhno-home.net\/tucocinaya\/wp-content\/uploads\/2025\/06\/COCINA112.jpg\" class=\"stratum-masonry-gallery__link\">\n\t\t\t                <div class=\"stratum-masonry-gallery__image\">\n                \t<figure>\n                   \t\t<img loading=\"lazy\" decoding=\"async\" width=\"819\" height=\"1024\" class=\"wp-image-1885\" alt=\"\" src=\"https:\/\/tekhno-home.net\/tucocinaya\/wp-content\/uploads\/2025\/06\/COCINA112-819x1024.jpg\" srcset=\"https:\/\/tekhno-home.net\/tucocinaya\/wp-content\/uploads\/2025\/06\/COCINA112-819x1024.jpg 819w, https:\/\/tekhno-home.net\/tucocinaya\/wp-content\/uploads\/2025\/06\/COCINA112-240x300.jpg 240w, https:\/\/tekhno-home.net\/tucocinaya\/wp-content\/uploads\/2025\/06\/COCINA112-768x960.jpg 768w, https:\/\/tekhno-home.net\/tucocinaya\/wp-content\/uploads\/2025\/06\/COCINA112.jpg 1080w\">                \t<\/figure>\n                <\/div>\n                <div class=\"stratum-masonry-gallery__overlay\"><\/div>\n            <\/a>\n        <\/div>\n\t\t\t<div class=\"stratum-masonry-gallery__item masonry-item\">\n\t\t\t\t\t\t\t<a data-elementor-open-lightbox=\"default\" data-elementor-lightbox-slideshow=\"gallery-69dfced2ee8ca\" href=\"http:\/\/tekhno-home.net\/tucocinaya\/wp-content\/uploads\/2025\/06\/COCINA113.jpg\" class=\"stratum-masonry-gallery__link\">\n\t\t\t                <div class=\"stratum-masonry-gallery__image\">\n                \t<figure>\n                   \t\t<img loading=\"lazy\" decoding=\"async\" width=\"819\" height=\"1024\" class=\"wp-image-1886\" alt=\"\" src=\"https:\/\/tekhno-home.net\/tucocinaya\/wp-content\/uploads\/2025\/06\/COCINA113-819x1024.jpg\" srcset=\"https:\/\/tekhno-home.net\/tucocinaya\/wp-content\/uploads\/2025\/06\/COCINA113-819x1024.jpg 819w, https:\/\/tekhno-home.net\/tucocinaya\/wp-content\/uploads\/2025\/06\/COCINA113-240x300.jpg 240w, https:\/\/tekhno-home.net\/tucocinaya\/wp-content\/uploads\/2025\/06\/COCINA113-768x960.jpg 768w, https:\/\/tekhno-home.net\/tucocinaya\/wp-content\/uploads\/2025\/06\/COCINA113.jpg 1080w\">                \t<\/figure>\n                <\/div>\n                <div class=\"stratum-masonry-gallery__overlay\"><\/div>\n            <\/a>\n        <\/div>\n\t<\/div>\n\t\t\t\t<\/div>\n\t\t\t\t<\/div>\n\t\t\t\t<div class=\"elementor-element elementor-element-d373952 elementor-widget elementor-widget-video\" data-id=\"d373952\" data-element_type=\"widget\" data-settings=\"{&quot;youtube_url&quot;:&quot;https:\\\/\\\/www.youtube.com\\\/watch?v=6qRbdRFWdZI&quot;,&quot;autoplay&quot;:&quot;yes&quot;,&quot;play_on_mobile&quot;:&quot;yes&quot;,&quot;mute&quot;:&quot;yes&quot;,&quot;loop&quot;:&quot;yes&quot;,&quot;video_type&quot;:&quot;youtube&quot;}\" data-widget_type=\"video.default\">\n\t\t\t\t<div class=\"elementor-widget-container\">\n\t\t\t\t\t\t\t<div class=\"elementor-wrapper elementor-open-inline\">\n\t\t\t<div class=\"elementor-video\"><\/div>\t\t<\/div>\n\t\t\t\t\t\t<\/div>\n\t\t\t\t<\/div>\n\t\t\t\t\t<\/div>\n\t\t\t\t<\/div>\n\t\t\t\t<\/div>\n\t\t","protected":false},"excerpt":{"rendered":"<p>\u00a1M\u00c1S DE 20 A\u00d1OS EN M\u00c9XICO! NUESTRAS \u2022 COCINAS FOMENTAMOS PRA\u0301CTICAS DE FABRICACIO\u0301N RESPONSABLES. TU PROYECTO NO SOLO SERA\u0301 UN ESPACIO EXCEPCIONAL, SINO TAMBIE\u0301N UNA ELECCIO\u0301N CONSCIENTE Y SOSTENIBLE. https:\/\/www.youtube.com\/watch?v=6qRbdRFWdZI<\/p>\n","protected":false},"author":1,"featured_media":0,"parent":0,"menu_order":0,"comment_status":"closed","ping_status":"closed","template":"elementor_header_footer","meta":{"inline_featured_image":false,"footnotes":""},"class_list":["post-48","page","type-page","status-publish","hentry"],"_links":{"self":[{"href":"https:\/\/tekhno-home.net\/tucocinaya\/wp-json\/wp\/v2\/pages\/48","targetHints":{"allow":["GET"]}}],"collection":[{"href":"https:\/\/tekhno-home.net\/tucocinaya\/wp-json\/wp\/v2\/pages"}],"about":[{"href":"https:\/\/tekhno-home.net\/tucocinaya\/wp-json\/wp\/v2\/types\/page"}],"author":[{"embeddable":true,"href":"https:\/\/tekhno-home.net\/tucocinaya\/wp-json\/wp\/v2\/users\/1"}],"replies":[{"embeddable":true,"href":"https:\/\/tekhno-home.net\/tucocinaya\/wp-json\/wp\/v2\/comments?post=48"}],"version-history":[{"count":102,"href":"https:\/\/tekhno-home.net\/tucocinaya\/wp-json\/wp\/v2\/pages\/48\/revisions"}],"predecessor-version":[{"id":1889,"href":"https:\/\/tekhno-home.net\/tucocinaya\/wp-json\/wp\/v2\/pages\/48\/revisions\/1889"}],"wp:attachment":[{"href":"https:\/\/tekhno-home.net\/tucocinaya\/wp-json\/wp\/v2\/media?parent=48"}],"curies":[{"name":"wp","href":"https:\/\/api.w.org\/{rel}","templated":true}]}}