{"id":1805,"date":"2025-05-07T16:07:35","date_gmt":"2025-05-07T16:07:35","guid":{"rendered":"https:\/\/tekhno-home.net\/tucocinaya\/?page_id=1805"},"modified":"2025-05-07T16:13:17","modified_gmt":"2025-05-07T16:13:17","slug":"showroom-suc-merida","status":"publish","type":"page","link":"https:\/\/tekhno-home.net\/tucocinaya\/showroom-suc-merida\/","title":{"rendered":"Showroom Suc. M\u00e9rida"},"content":{"rendered":"\t\t<div data-elementor-type=\"wp-page\" data-elementor-id=\"1805\" class=\"elementor elementor-1805\" data-elementor-settings=\"{&quot;ha_cmc_init_switcher&quot;:&quot;no&quot;}\" data-elementor-post-type=\"page\">\n\t\t\t\t<div class=\"elementor-element elementor-element-6bbf5a8 e-flex e-con-boxed e-con e-parent\" data-id=\"6bbf5a8\" data-element_type=\"container\" data-settings=\"{&quot;_ha_eqh_enable&quot;:false}\">\n\t\t\t\t\t<div class=\"e-con-inner\">\n\t\t\t\t<div class=\"elementor-element elementor-element-6adf6d6 elementor-widget elementor-widget-heading\" data-id=\"6adf6d6\" data-element_type=\"widget\" data-widget_type=\"heading.default\">\n\t\t\t\t<div class=\"elementor-widget-container\">\n\t\t\t\t\t<h2 class=\"elementor-heading-title elementor-size-default\">SHOWROOM M\u00c9RIDA<\/h2>\t\t\t\t<\/div>\n\t\t\t\t<\/div>\n\t\t\t\t<div class=\"elementor-element elementor-element-e6a80ec elementor-widget elementor-widget-heading\" data-id=\"e6a80ec\" data-element_type=\"widget\" data-widget_type=\"heading.default\">\n\t\t\t\t<div class=\"elementor-widget-container\">\n\t\t\t\t\t<h2 class=\"elementor-heading-title elementor-size-default\">M\u00c9RIDA, YUCAT\u00c1N<\/h2>\t\t\t\t<\/div>\n\t\t\t\t<\/div>\n\t\t\t\t<div class=\"elementor-element elementor-element-39013b6 elementor-widget elementor-widget-gallery\" data-id=\"39013b6\" data-element_type=\"widget\" data-settings=\"{&quot;gallery_layout&quot;:&quot;masonry&quot;,&quot;columns&quot;:3,&quot;gap&quot;:{&quot;unit&quot;:&quot;px&quot;,&quot;size&quot;:5,&quot;sizes&quot;:[]},&quot;lazyload&quot;:&quot;yes&quot;,&quot;columns_tablet&quot;:2,&quot;columns_mobile&quot;:1,&quot;gap_tablet&quot;:{&quot;unit&quot;:&quot;px&quot;,&quot;size&quot;:10,&quot;sizes&quot;:[]},&quot;gap_mobile&quot;:{&quot;unit&quot;:&quot;px&quot;,&quot;size&quot;:10,&quot;sizes&quot;:[]},&quot;link_to&quot;:&quot;file&quot;,&quot;overlay_background&quot;:&quot;yes&quot;,&quot;content_hover_animation&quot;:&quot;fade-in&quot;}\" data-widget_type=\"gallery.default\">\n\t\t\t\t<div class=\"elementor-widget-container\">\n\t\t\t\t\t\t\t<div class=\"elementor-gallery__container\">\n\t\t\t\t\t\t\t<a class=\"e-gallery-item elementor-gallery-item elementor-animated-content\" href=\"https:\/\/tekhno-home.net\/tucocinaya\/wp-content\/uploads\/2025\/05\/merida-10.jpeg\" data-elementor-open-lightbox=\"yes\" data-elementor-lightbox-slideshow=\"39013b6\" data-elementor-lightbox-title=\"merida (10)\" data-e-action-hash=\"#elementor-action%3Aaction%3Dlightbox%26settings%3DeyJpZCI6MTgxNywidXJsIjoiaHR0cHM6XC9cL3Rla2huby1ob21lLm5ldFwvdHVjb2NpbmF5YVwvd3AtY29udGVudFwvdXBsb2Fkc1wvMjAyNVwvMDVcL21lcmlkYS0xMC5qcGVnIiwic2xpZGVzaG93IjoiMzkwMTNiNiJ9\">\n\t\t\t\t\t<div class=\"e-gallery-image elementor-gallery-item__image\" data-thumbnail=\"https:\/\/tekhno-home.net\/tucocinaya\/wp-content\/uploads\/2025\/05\/merida-10-768x1024.jpeg\" data-width=\"768\" data-height=\"1024\" aria-label=\"\" role=\"img\" ><\/div>\n\t\t\t\t\t\t\t\t\t\t\t<div class=\"elementor-gallery-item__overlay\"><\/div>\n\t\t\t\t\t\t\t\t\t\t\t\t\t\t<\/a>\n\t\t\t\t\t\t\t<a class=\"e-gallery-item elementor-gallery-item elementor-animated-content\" href=\"https:\/\/tekhno-home.net\/tucocinaya\/wp-content\/uploads\/2025\/05\/merida-2.jpeg\" data-elementor-open-lightbox=\"yes\" data-elementor-lightbox-slideshow=\"39013b6\" data-elementor-lightbox-title=\"merida (2)\" data-e-action-hash=\"#elementor-action%3Aaction%3Dlightbox%26settings%3DeyJpZCI6MTgwOSwidXJsIjoiaHR0cHM6XC9cL3Rla2huby1ob21lLm5ldFwvdHVjb2NpbmF5YVwvd3AtY29udGVudFwvdXBsb2Fkc1wvMjAyNVwvMDVcL21lcmlkYS0yLmpwZWciLCJzbGlkZXNob3ciOiIzOTAxM2I2In0%3D\">\n\t\t\t\t\t<div class=\"e-gallery-image elementor-gallery-item__image\" data-thumbnail=\"https:\/\/tekhno-home.net\/tucocinaya\/wp-content\/uploads\/2025\/05\/merida-2-768x1024.jpeg\" data-width=\"768\" data-height=\"1024\" aria-label=\"\" role=\"img\" ><\/div>\n\t\t\t\t\t\t\t\t\t\t\t<div class=\"elementor-gallery-item__overlay\"><\/div>\n\t\t\t\t\t\t\t\t\t\t\t\t\t\t<\/a>\n\t\t\t\t\t\t\t<a class=\"e-gallery-item elementor-gallery-item elementor-animated-content\" href=\"https:\/\/tekhno-home.net\/tucocinaya\/wp-content\/uploads\/2025\/05\/merida-3.jpeg\" data-elementor-open-lightbox=\"yes\" data-elementor-lightbox-slideshow=\"39013b6\" data-elementor-lightbox-title=\"merida (3)\" data-e-action-hash=\"#elementor-action%3Aaction%3Dlightbox%26settings%3DeyJpZCI6MTgxMCwidXJsIjoiaHR0cHM6XC9cL3Rla2huby1ob21lLm5ldFwvdHVjb2NpbmF5YVwvd3AtY29udGVudFwvdXBsb2Fkc1wvMjAyNVwvMDVcL21lcmlkYS0zLmpwZWciLCJzbGlkZXNob3ciOiIzOTAxM2I2In0%3D\">\n\t\t\t\t\t<div class=\"e-gallery-image elementor-gallery-item__image\" data-thumbnail=\"https:\/\/tekhno-home.net\/tucocinaya\/wp-content\/uploads\/2025\/05\/merida-3-768x1024.jpeg\" data-width=\"768\" data-height=\"1024\" aria-label=\"\" role=\"img\" ><\/div>\n\t\t\t\t\t\t\t\t\t\t\t<div class=\"elementor-gallery-item__overlay\"><\/div>\n\t\t\t\t\t\t\t\t\t\t\t\t\t\t<\/a>\n\t\t\t\t\t\t\t<a class=\"e-gallery-item elementor-gallery-item elementor-animated-content\" href=\"https:\/\/tekhno-home.net\/tucocinaya\/wp-content\/uploads\/2025\/05\/merida-6.jpeg\" data-elementor-open-lightbox=\"yes\" data-elementor-lightbox-slideshow=\"39013b6\" data-elementor-lightbox-title=\"merida (6)\" data-e-action-hash=\"#elementor-action%3Aaction%3Dlightbox%26settings%3DeyJpZCI6MTgxMywidXJsIjoiaHR0cHM6XC9cL3Rla2huby1ob21lLm5ldFwvdHVjb2NpbmF5YVwvd3AtY29udGVudFwvdXBsb2Fkc1wvMjAyNVwvMDVcL21lcmlkYS02LmpwZWciLCJzbGlkZXNob3ciOiIzOTAxM2I2In0%3D\">\n\t\t\t\t\t<div class=\"e-gallery-image elementor-gallery-item__image\" data-thumbnail=\"https:\/\/tekhno-home.net\/tucocinaya\/wp-content\/uploads\/2025\/05\/merida-6-1024x768.jpeg\" data-width=\"800\" data-height=\"600\" aria-label=\"\" role=\"img\" ><\/div>\n\t\t\t\t\t\t\t\t\t\t\t<div class=\"elementor-gallery-item__overlay\"><\/div>\n\t\t\t\t\t\t\t\t\t\t\t\t\t\t<\/a>\n\t\t\t\t\t\t\t<a class=\"e-gallery-item elementor-gallery-item elementor-animated-content\" href=\"https:\/\/tekhno-home.net\/tucocinaya\/wp-content\/uploads\/2025\/05\/merida-14.jpeg\" data-elementor-open-lightbox=\"yes\" data-elementor-lightbox-slideshow=\"39013b6\" data-elementor-lightbox-title=\"merida (14)\" data-e-action-hash=\"#elementor-action%3Aaction%3Dlightbox%26settings%3DeyJpZCI6MTgyMSwidXJsIjoiaHR0cHM6XC9cL3Rla2huby1ob21lLm5ldFwvdHVjb2NpbmF5YVwvd3AtY29udGVudFwvdXBsb2Fkc1wvMjAyNVwvMDVcL21lcmlkYS0xNC5qcGVnIiwic2xpZGVzaG93IjoiMzkwMTNiNiJ9\">\n\t\t\t\t\t<div class=\"e-gallery-image elementor-gallery-item__image\" data-thumbnail=\"https:\/\/tekhno-home.net\/tucocinaya\/wp-content\/uploads\/2025\/05\/merida-14-576x1024.jpeg\" data-width=\"576\" data-height=\"1024\" aria-label=\"\" role=\"img\" ><\/div>\n\t\t\t\t\t\t\t\t\t\t\t<div class=\"elementor-gallery-item__overlay\"><\/div>\n\t\t\t\t\t\t\t\t\t\t\t\t\t\t<\/a>\n\t\t\t\t\t\t\t<a class=\"e-gallery-item elementor-gallery-item elementor-animated-content\" href=\"https:\/\/tekhno-home.net\/tucocinaya\/wp-content\/uploads\/2025\/05\/merida-15.jpeg\" data-elementor-open-lightbox=\"yes\" data-elementor-lightbox-slideshow=\"39013b6\" data-elementor-lightbox-title=\"merida (15)\" data-e-action-hash=\"#elementor-action%3Aaction%3Dlightbox%26settings%3DeyJpZCI6MTgyMiwidXJsIjoiaHR0cHM6XC9cL3Rla2huby1ob21lLm5ldFwvdHVjb2NpbmF5YVwvd3AtY29udGVudFwvdXBsb2Fkc1wvMjAyNVwvMDVcL21lcmlkYS0xNS5qcGVnIiwic2xpZGVzaG93IjoiMzkwMTNiNiJ9\">\n\t\t\t\t\t<div class=\"e-gallery-image elementor-gallery-item__image\" data-thumbnail=\"https:\/\/tekhno-home.net\/tucocinaya\/wp-content\/uploads\/2025\/05\/merida-15-576x1024.jpeg\" data-width=\"576\" data-height=\"1024\" aria-label=\"\" role=\"img\" ><\/div>\n\t\t\t\t\t\t\t\t\t\t\t<div class=\"elementor-gallery-item__overlay\"><\/div>\n\t\t\t\t\t\t\t\t\t\t\t\t\t\t<\/a>\n\t\t\t\t\t\t\t<a class=\"e-gallery-item elementor-gallery-item elementor-animated-content\" href=\"https:\/\/tekhno-home.net\/tucocinaya\/wp-content\/uploads\/2025\/05\/merida-16.jpeg\" data-elementor-open-lightbox=\"yes\" data-elementor-lightbox-slideshow=\"39013b6\" data-elementor-lightbox-title=\"merida (16)\" data-e-action-hash=\"#elementor-action%3Aaction%3Dlightbox%26settings%3DeyJpZCI6MTgyMywidXJsIjoiaHR0cHM6XC9cL3Rla2huby1ob21lLm5ldFwvdHVjb2NpbmF5YVwvd3AtY29udGVudFwvdXBsb2Fkc1wvMjAyNVwvMDVcL21lcmlkYS0xNi5qcGVnIiwic2xpZGVzaG93IjoiMzkwMTNiNiJ9\">\n\t\t\t\t\t<div class=\"e-gallery-image elementor-gallery-item__image\" data-thumbnail=\"https:\/\/tekhno-home.net\/tucocinaya\/wp-content\/uploads\/2025\/05\/merida-16-576x1024.jpeg\" data-width=\"576\" data-height=\"1024\" aria-label=\"\" role=\"img\" ><\/div>\n\t\t\t\t\t\t\t\t\t\t\t<div class=\"elementor-gallery-item__overlay\"><\/div>\n\t\t\t\t\t\t\t\t\t\t\t\t\t\t<\/a>\n\t\t\t\t\t\t\t<a class=\"e-gallery-item elementor-gallery-item elementor-animated-content\" href=\"https:\/\/tekhno-home.net\/tucocinaya\/wp-content\/uploads\/2025\/05\/merida-18.jpeg\" data-elementor-open-lightbox=\"yes\" data-elementor-lightbox-slideshow=\"39013b6\" data-elementor-lightbox-title=\"merida (18)\" data-e-action-hash=\"#elementor-action%3Aaction%3Dlightbox%26settings%3DeyJpZCI6MTgyNSwidXJsIjoiaHR0cHM6XC9cL3Rla2huby1ob21lLm5ldFwvdHVjb2NpbmF5YVwvd3AtY29udGVudFwvdXBsb2Fkc1wvMjAyNVwvMDVcL21lcmlkYS0xOC5qcGVnIiwic2xpZGVzaG93IjoiMzkwMTNiNiJ9\">\n\t\t\t\t\t<div class=\"e-gallery-image elementor-gallery-item__image\" data-thumbnail=\"https:\/\/tekhno-home.net\/tucocinaya\/wp-content\/uploads\/2025\/05\/merida-18-576x1024.jpeg\" data-width=\"576\" data-height=\"1024\" aria-label=\"\" role=\"img\" ><\/div>\n\t\t\t\t\t\t\t\t\t\t\t<div class=\"elementor-gallery-item__overlay\"><\/div>\n\t\t\t\t\t\t\t\t\t\t\t\t\t\t<\/a>\n\t\t\t\t\t\t\t<a class=\"e-gallery-item elementor-gallery-item elementor-animated-content\" href=\"https:\/\/tekhno-home.net\/tucocinaya\/wp-content\/uploads\/2025\/05\/merida-19.jpeg\" data-elementor-open-lightbox=\"yes\" data-elementor-lightbox-slideshow=\"39013b6\" data-elementor-lightbox-title=\"merida (19)\" data-e-action-hash=\"#elementor-action%3Aaction%3Dlightbox%26settings%3DeyJpZCI6MTgyNiwidXJsIjoiaHR0cHM6XC9cL3Rla2huby1ob21lLm5ldFwvdHVjb2NpbmF5YVwvd3AtY29udGVudFwvdXBsb2Fkc1wvMjAyNVwvMDVcL21lcmlkYS0xOS5qcGVnIiwic2xpZGVzaG93IjoiMzkwMTNiNiJ9\">\n\t\t\t\t\t<div class=\"e-gallery-image elementor-gallery-item__image\" data-thumbnail=\"https:\/\/tekhno-home.net\/tucocinaya\/wp-content\/uploads\/2025\/05\/merida-19-576x1024.jpeg\" data-width=\"576\" data-height=\"1024\" aria-label=\"\" role=\"img\" ><\/div>\n\t\t\t\t\t\t\t\t\t\t\t<div class=\"elementor-gallery-item__overlay\"><\/div>\n\t\t\t\t\t\t\t\t\t\t\t\t\t\t<\/a>\n\t\t\t\t\t\t\t<a class=\"e-gallery-item elementor-gallery-item elementor-animated-content\" href=\"https:\/\/tekhno-home.net\/tucocinaya\/wp-content\/uploads\/2025\/05\/merida-22.jpeg\" data-elementor-open-lightbox=\"yes\" data-elementor-lightbox-slideshow=\"39013b6\" data-elementor-lightbox-title=\"merida (22)\" data-e-action-hash=\"#elementor-action%3Aaction%3Dlightbox%26settings%3DeyJpZCI6MTgyOSwidXJsIjoiaHR0cHM6XC9cL3Rla2huby1ob21lLm5ldFwvdHVjb2NpbmF5YVwvd3AtY29udGVudFwvdXBsb2Fkc1wvMjAyNVwvMDVcL21lcmlkYS0yMi5qcGVnIiwic2xpZGVzaG93IjoiMzkwMTNiNiJ9\">\n\t\t\t\t\t<div class=\"e-gallery-image elementor-gallery-item__image\" data-thumbnail=\"https:\/\/tekhno-home.net\/tucocinaya\/wp-content\/uploads\/2025\/05\/merida-22-576x1024.jpeg\" data-width=\"576\" data-height=\"1024\" aria-label=\"\" role=\"img\" ><\/div>\n\t\t\t\t\t\t\t\t\t\t\t<div class=\"elementor-gallery-item__overlay\"><\/div>\n\t\t\t\t\t\t\t\t\t\t\t\t\t\t<\/a>\n\t\t\t\t\t\t\t<a class=\"e-gallery-item elementor-gallery-item elementor-animated-content\" href=\"https:\/\/tekhno-home.net\/tucocinaya\/wp-content\/uploads\/2025\/05\/merida-23.jpeg\" data-elementor-open-lightbox=\"yes\" data-elementor-lightbox-slideshow=\"39013b6\" data-elementor-lightbox-title=\"merida (23)\" data-e-action-hash=\"#elementor-action%3Aaction%3Dlightbox%26settings%3DeyJpZCI6MTgzMCwidXJsIjoiaHR0cHM6XC9cL3Rla2huby1ob21lLm5ldFwvdHVjb2NpbmF5YVwvd3AtY29udGVudFwvdXBsb2Fkc1wvMjAyNVwvMDVcL21lcmlkYS0yMy5qcGVnIiwic2xpZGVzaG93IjoiMzkwMTNiNiJ9\">\n\t\t\t\t\t<div class=\"e-gallery-image elementor-gallery-item__image\" data-thumbnail=\"https:\/\/tekhno-home.net\/tucocinaya\/wp-content\/uploads\/2025\/05\/merida-23-576x1024.jpeg\" data-width=\"576\" data-height=\"1024\" aria-label=\"\" role=\"img\" ><\/div>\n\t\t\t\t\t\t\t\t\t\t\t<div class=\"elementor-gallery-item__overlay\"><\/div>\n\t\t\t\t\t\t\t\t\t\t\t\t\t\t<\/a>\n\t\t\t\t\t\t\t<a class=\"e-gallery-item elementor-gallery-item elementor-animated-content\" href=\"https:\/\/tekhno-home.net\/tucocinaya\/wp-content\/uploads\/2025\/05\/merida-24.jpeg\" data-elementor-open-lightbox=\"yes\" data-elementor-lightbox-slideshow=\"39013b6\" data-elementor-lightbox-title=\"merida (24)\" data-e-action-hash=\"#elementor-action%3Aaction%3Dlightbox%26settings%3DeyJpZCI6MTgzMSwidXJsIjoiaHR0cHM6XC9cL3Rla2huby1ob21lLm5ldFwvdHVjb2NpbmF5YVwvd3AtY29udGVudFwvdXBsb2Fkc1wvMjAyNVwvMDVcL21lcmlkYS0yNC5qcGVnIiwic2xpZGVzaG93IjoiMzkwMTNiNiJ9\">\n\t\t\t\t\t<div class=\"e-gallery-image elementor-gallery-item__image\" data-thumbnail=\"https:\/\/tekhno-home.net\/tucocinaya\/wp-content\/uploads\/2025\/05\/merida-24-576x1024.jpeg\" data-width=\"576\" data-height=\"1024\" aria-label=\"\" role=\"img\" ><\/div>\n\t\t\t\t\t\t\t\t\t\t\t<div class=\"elementor-gallery-item__overlay\"><\/div>\n\t\t\t\t\t\t\t\t\t\t\t\t\t\t<\/a>\n\t\t\t\t\t\t\t<a class=\"e-gallery-item elementor-gallery-item elementor-animated-content\" href=\"https:\/\/tekhno-home.net\/tucocinaya\/wp-content\/uploads\/2025\/05\/merida-26.jpeg\" data-elementor-open-lightbox=\"yes\" data-elementor-lightbox-slideshow=\"39013b6\" data-elementor-lightbox-title=\"merida (26)\" data-e-action-hash=\"#elementor-action%3Aaction%3Dlightbox%26settings%3DeyJpZCI6MTgzMywidXJsIjoiaHR0cHM6XC9cL3Rla2huby1ob21lLm5ldFwvdHVjb2NpbmF5YVwvd3AtY29udGVudFwvdXBsb2Fkc1wvMjAyNVwvMDVcL21lcmlkYS0yNi5qcGVnIiwic2xpZGVzaG93IjoiMzkwMTNiNiJ9\">\n\t\t\t\t\t<div class=\"e-gallery-image elementor-gallery-item__image\" data-thumbnail=\"https:\/\/tekhno-home.net\/tucocinaya\/wp-content\/uploads\/2025\/05\/merida-26-576x1024.jpeg\" data-width=\"576\" data-height=\"1024\" aria-label=\"\" role=\"img\" ><\/div>\n\t\t\t\t\t\t\t\t\t\t\t<div class=\"elementor-gallery-item__overlay\"><\/div>\n\t\t\t\t\t\t\t\t\t\t\t\t\t\t<\/a>\n\t\t\t\t\t\t\t<a class=\"e-gallery-item elementor-gallery-item elementor-animated-content\" href=\"https:\/\/tekhno-home.net\/tucocinaya\/wp-content\/uploads\/2025\/05\/merida-29.jpeg\" data-elementor-open-lightbox=\"yes\" data-elementor-lightbox-slideshow=\"39013b6\" data-elementor-lightbox-title=\"merida (29)\" data-e-action-hash=\"#elementor-action%3Aaction%3Dlightbox%26settings%3DeyJpZCI6MTgzNiwidXJsIjoiaHR0cHM6XC9cL3Rla2huby1ob21lLm5ldFwvdHVjb2NpbmF5YVwvd3AtY29udGVudFwvdXBsb2Fkc1wvMjAyNVwvMDVcL21lcmlkYS0yOS5qcGVnIiwic2xpZGVzaG93IjoiMzkwMTNiNiJ9\">\n\t\t\t\t\t<div class=\"e-gallery-image elementor-gallery-item__image\" data-thumbnail=\"https:\/\/tekhno-home.net\/tucocinaya\/wp-content\/uploads\/2025\/05\/merida-29-576x1024.jpeg\" data-width=\"576\" data-height=\"1024\" aria-label=\"\" role=\"img\" ><\/div>\n\t\t\t\t\t\t\t\t\t\t\t<div class=\"elementor-gallery-item__overlay\"><\/div>\n\t\t\t\t\t\t\t\t\t\t\t\t\t\t<\/a>\n\t\t\t\t\t<\/div>\n\t\t\t\t\t<\/div>\n\t\t\t\t<\/div>\n\t\t\t\t\t<\/div>\n\t\t\t\t<\/div>\n\t\t\t\t<\/div>\n\t\t","protected":false},"excerpt":{"rendered":"<p>SHOWROOM M\u00c9RIDA M\u00c9RIDA, YUCAT\u00c1N<\/p>\n","protected":false},"author":1,"featured_media":0,"parent":0,"menu_order":0,"comment_status":"closed","ping_status":"closed","template":"elementor_header_footer","meta":{"inline_featured_image":false,"footnotes":""},"class_list":["post-1805","page","type-page","status-publish","hentry"],"_links":{"self":[{"href":"https:\/\/tekhno-home.net\/tucocinaya\/wp-json\/wp\/v2\/pages\/1805","targetHints":{"allow":["GET"]}}],"collection":[{"href":"https:\/\/tekhno-home.net\/tucocinaya\/wp-json\/wp\/v2\/pages"}],"about":[{"href":"https:\/\/tekhno-home.net\/tucocinaya\/wp-json\/wp\/v2\/types\/page"}],"author":[{"embeddable":true,"href":"https:\/\/tekhno-home.net\/tucocinaya\/wp-json\/wp\/v2\/users\/1"}],"replies":[{"embeddable":true,"href":"https:\/\/tekhno-home.net\/tucocinaya\/wp-json\/wp\/v2\/comments?post=1805"}],"version-history":[{"count":4,"href":"https:\/\/tekhno-home.net\/tucocinaya\/wp-json\/wp\/v2\/pages\/1805\/revisions"}],"predecessor-version":[{"id":1839,"href":"https:\/\/tekhno-home.net\/tucocinaya\/wp-json\/wp\/v2\/pages\/1805\/revisions\/1839"}],"wp:attachment":[{"href":"https:\/\/tekhno-home.net\/tucocinaya\/wp-json\/wp\/v2\/media?parent=1805"}],"curies":[{"name":"wp","href":"https:\/\/api.w.org\/{rel}","templated":true}]}}